{"id":5224,"date":"2022-03-11T18:54:20","date_gmt":"2022-03-11T17:54:20","guid":{"rendered":"https:\/\/www.salumificiopavarotti.com\/lacznosc\/"},"modified":"2024-06-19T12:30:34","modified_gmt":"2024-06-19T10:30:34","slug":"lacznosc","status":"publish","type":"page","link":"https:\/\/www.salumificiopavarotti.com\/pl\/lacznosc\/","title":{"rendered":"\u0141\u0105czno\u015b\u0107"},"content":{"rendered":"<div class=\"wpb-content-wrapper\"><p>[vc_row equal_height=&#8221;yes&#8221; content_placement=&#8221;middle&#8221; css=&#8221;.vc_custom_1647260093511{padding-top: 2em !important;padding-bottom: 2em !important;}&#8221;][vc_column width=&#8221;1\/2&#8243;]<h1 class=\"deco-title sinistra\">Skontaktuj si\u0119 z nami<\/h1>[vc_column_text]Siedziba i fabryka:<br \/>\nVia Case Bruciate, 15 a-b-c-d \u2013 41051 Castelnuovo Rangone (MO) W\u0142ochy<\/p>\n<p>tel. (+39) 059.535.551<\/p>\n<p>info@salumificiopavarotti.it[\/vc_column_text][\/vc_column][vc_column width=&#8221;1\/2&#8243;]\n<div class=\"wpcf7 no-js\" id=\"wpcf7-f3073-o1\" lang=\"pl-PL\" dir=\"ltr\" data-wpcf7-id=\"3073\">\n<div class=\"screen-reader-response\"><p role=\"status\" aria-live=\"polite\" aria-atomic=\"true\"><\/p> <ul><\/ul><\/div>\n<form action=\"\/pl\/wp-json\/wp\/v2\/pages\/5224#wpcf7-f3073-o1\" method=\"post\" class=\"wpcf7-form init\" aria-label=\"Formularz kontaktowy\" novalidate=\"novalidate\" data-status=\"init\">\n<fieldset class=\"hidden-fields-container\"><input type=\"hidden\" name=\"_wpcf7\" value=\"3073\" \/><input type=\"hidden\" name=\"_wpcf7_version\" value=\"6.1.5\" \/><input type=\"hidden\" name=\"_wpcf7_locale\" value=\"pl_PL\" \/><input type=\"hidden\" name=\"_wpcf7_unit_tag\" value=\"wpcf7-f3073-o1\" \/><input type=\"hidden\" name=\"_wpcf7_container_post\" value=\"0\" \/><input type=\"hidden\" name=\"_wpcf7_posted_data_hash\" value=\"\" \/><input type=\"hidden\" name=\"_wpcf7dtx_version\" value=\"5.0.5\" \/><input type=\"hidden\" name=\"_wpcf7_recaptcha_response\" value=\"\" \/>\n<\/fieldset>\n<div class=\"row\">\n\t<div class=\"col-md-6\">\n\t\t<div class=\"mb-2\">\n\t\t\t<p><label for=\"nome\" class=\"form-label\">Imi\u0119<sup title=\"wymagany\">*<\/sup><\/label><br \/>\n<span class=\"wpcf7-form-control-wrap\" data-name=\"nome\"><input size=\"40\" maxlength=\"400\" class=\"wpcf7-form-control wpcf7-text wpcf7-validates-as-required form-control form-control-sm\" aria-required=\"true\" aria-invalid=\"false\" value=\"\" type=\"text\" name=\"nome\" \/><\/span>\n\t\t\t<\/p>\n\t\t<\/div>\n\t<\/div>\n\t<div class=\"col-md-6\">\n\t\t<div class=\"mb-2\">\n\t\t\t<p><label for=\"cognome\" class=\"form-label\">Nazwisko<sup title=\"wymagany\">*<\/sup><\/label><br \/>\n<span class=\"wpcf7-form-control-wrap\" data-name=\"cognome\"><input size=\"40\" maxlength=\"400\" class=\"wpcf7-form-control wpcf7-text wpcf7-validates-as-required form-control form-control-sm\" aria-required=\"true\" aria-invalid=\"false\" value=\"\" type=\"text\" name=\"cognome\" \/><\/span>\n\t\t\t<\/p>\n\t\t<\/div>\n\t<\/div>\n<\/div>\n<div class=\"row\">\n\t<div class=\"col-md-6\">\n\t\t<div class=\"mb-2\">\n\t\t\t<p><label for=\"email\" class=\"form-label\">E-mail<sup title=\"wymagany\">*<\/sup><\/label><br \/>\n<span class=\"wpcf7-form-control-wrap\" data-name=\"email\"><input size=\"40\" maxlength=\"400\" class=\"wpcf7-form-control wpcf7-email wpcf7-validates-as-required wpcf7-text wpcf7-validates-as-email form-control form-control-sm\" aria-required=\"true\" aria-invalid=\"false\" value=\"\" type=\"email\" name=\"email\" \/><\/span>\n\t\t\t<\/p>\n\t\t<\/div>\n\t<\/div>\n\t<div class=\"col-md-6\">\n\t\t<div class=\"mb-2\">\n\t\t\t<p><label for=\"telefono\" class=\"form-label\">Telefon<\/label><br \/>\n<span class=\"wpcf7-form-control-wrap\" data-name=\"telefono\"><input size=\"40\" maxlength=\"400\" class=\"wpcf7-form-control wpcf7-tel wpcf7-text wpcf7-validates-as-tel form-control form-control-sm\" aria-invalid=\"false\" value=\"\" type=\"tel\" name=\"telefono\" \/><\/span>\n\t\t\t<\/p>\n\t\t<\/div>\n\t<\/div>\n<\/div>\n<div class=\"row\">\n\t<div class=\"col-12\">\n\t\t<p><label for=\"messaggio\" class=\"form-label\">Wiadomo\u015b\u0107<\/label><br \/>\n<span class=\"wpcf7-form-control-wrap\" data-name=\"messaggio\"><textarea cols=\"40\" rows=\"10\" maxlength=\"2000\" class=\"wpcf7-form-control wpcf7-textarea wpcf7-validates-as-required form-control form-control-sm\" aria-required=\"true\" aria-invalid=\"false\" name=\"messaggio\"><\/textarea><\/span>\n\t\t<\/p>\n\t<\/div>\n<\/div>\n<div class=\"row\">\n\t<div class=\"col-12\">\n\t\t<div class=\"form-check mb-2\">\n\t\t\t<p><span class=\"wpcf7-form-control-wrap\" data-name=\"newsletter\"><input type=\"checkbox\" name=\"newsletter[]\" value=\"ADD\" \/ class=\"form-check-input\"><label class=\"form-check-label\" for=\"newsletter\">Chc\u0119 by\u0107 na bie\u017c\u0105co z Twoimi wiadomo\u015bciami<\/label>\n\t\t\t<\/p>\n\t\t<\/div>\n\t\t<div class=\"form-check mb-2\">\n\t\t\t<p><span class=\"wpcf7-form-control-wrap\" data-name=\"privacy\"><span class=\"wpcf7-form-control wpcf7-acceptance\"><span class=\"wpcf7-list-item\"><input type=\"checkbox\" name=\"privacy\" value=\"1\" class=\"form-check-input\" aria-invalid=\"false\" \/><\/span><\/span><\/span><label class=\"form-check-label\" for=\"privacy\">O\u015bwiadczam, \u017ce zapozna\u0142em si\u0119 z <a href=\"\/privacy-policy\" target=\"_blank\">polityk\u0105 prywatno\u015bci<\/a> i akceptuj\u0119 przetwarzanie moich danych osobowych.<\/label>\n\t\t\t<\/p>\n\t\t<\/div>\n\t\t<div class=\"mb-2 text-center\">\n\t\t\t<p><input class=\"wpcf7-form-control wpcf7-submit has-spinner btn btn-success w-100 btn-lg\" type=\"submit\" value=\"Wys\u0142a\u0107\" \/>\n\t\t\t<\/p>\n\t\t<\/div>\n\t<\/div>\n<\/div><div class=\"wpcf7-response-output\" aria-hidden=\"true\"><\/div>\n<\/form>\n<\/div>\n[\/vc_column][\/vc_row][vc_row full_width=&#8221;stretch_row_content_no_spaces&#8221;][vc_column][vc_gmaps link=&#8221;#E-8_JTNDaWZyYW1lJTIwc3JjJTNEJTIyaHR0cHMlM0ElMkYlMkZ3d3cuZ29vZ2xlLmNvbSUyRm1hcHMlMkZlbWJlZCUzRnBiJTNEJTIxMW0xOCUyMTFtMTIlMjExbTMlMjExZDQwMjAuODE3OTY1NzY1NzklMjEyZDEwLjkzOTg0OTA2NDkxMzQyMSUyMTNkNDQuNTUzMDgyMDk3MDc5NTMlMjEybTMlMjExZjAlMjEyZjAlMjEzZjAlMjEzbTIlMjExaTEwMjQlMjEyaTc2OCUyMTRmMTMuMSUyMTNtMyUyMTFtMiUyMTFzMHg0NzdmZTZiN2ZiNTkyMmJiJTI1M0EweDY5NWEzN2UwNThhNjBiOGIlMjEyc1NhbHVtaWZpY2lvJTI1MjBQYXZhcm90dGklMjUyMCUyOFMuUC5BLiUyOSUyMTVlMCUyMTNtMiUyMTFzaXQlMjEyc2l0JTIxNHYxNzEzNDM2Mjc5MDI0JTIxNW0yJTIxMXNpdCUyMTJzaXQlMjIlMjB3aWR0aCUzRCUyMjYwMCUyMiUyMGhlaWdodCUzRCUyMjQ1MCUyMiUyMHN0eWxlJTNEJTIyYm9yZGVyJTNBMCUzQiUyMiUyMGFsbG93ZnVsbHNjcmVlbiUzRCUyMiUyMiUyMGxvYWRpbmclM0QlMjJsYXp5JTIyJTIwcmVmZXJyZXJwb2xpY3klM0QlMjJuby1yZWZlcnJlci13aGVuLWRvd25ncmFkZSUyMiUzRSUzQyUyRmlmcmFtZSUzRQ==&#8221; css=&#8221;&#8221;][\/vc_column][\/vc_row][vc_row full_width=&#8221;stretch_row_content_no_spaces&#8221; disable_element=&#8221;yes&#8221;][vc_column]<div id=\"map-wrapper\">\n \n<\/div>\n<script type=\"text\/javascript\">\n\t\n\tvar map;\n\tvar styles = [ { \"stylers\": [ { \"color\": \"#ced9e8\" } ] }, { \"elementType\": \"geometry\", \"stylers\": [ { \"color\": \"#f5f5f5\" } ] }, { \"elementType\": \"geometry.fill\", \"stylers\": [ { \"color\": \"#ced9e8\" } ] }, { \"elementType\": \"geometry.stroke\", \"stylers\": [ { \"color\": \"#ffffff\" } ] }, { \"elementType\": \"labels\", \"stylers\": [ { \"visibility\": \"off\" } ] }, { \"elementType\": \"labels.icon\", \"stylers\": [ { \"color\": \"#1b720c\" }, { \"visibility\": \"off\" } ] }, { \"elementType\": \"labels.text\", \"stylers\": [ { \"color\": \"#00ff00\" } ] }, { \"elementType\": \"labels.text.fill\", \"stylers\": [ { \"color\": \"#1b720c\" } ] }, { \"elementType\": \"labels.text.stroke\", \"stylers\": [ { \"color\": \"#f5f5f5\" }, { \"weight\": 3 } ] }, { \"featureType\": \"administrative\", \"elementType\": \"geometry\", \"stylers\": [ { \"visibility\": \"off\" } ] }, { \"featureType\": \"administrative.land_parcel\", \"stylers\": [ { \"visibility\": \"off\" } ] }, { \"featureType\": \"administrative.land_parcel\", \"elementType\": \"labels.text.fill\", \"stylers\": [ { \"color\": \"#bdbdbd\" } ] }, { \"featureType\": \"administrative.neighborhood\", \"stylers\": [ { \"visibility\": \"off\" } ] }, { \"featureType\": \"poi\", \"stylers\": [ { \"visibility\": \"off\" } ] }, { \"featureType\": \"poi\", \"elementType\": \"geometry\", \"stylers\": [ { \"color\": \"#eeeeee\" } ] }, { \"featureType\": \"poi\", \"elementType\": \"labels.text.fill\", \"stylers\": [ { \"color\": \"#757575\" } ] }, { \"featureType\": \"poi.business\", \"stylers\": [ { \"visibility\": \"off\" } ] }, { \"featureType\": \"poi.park\", \"elementType\": \"geometry\", \"stylers\": [ { \"color\": \"#e5e5e5\" } ] }, { \"featureType\": \"poi.park\", \"elementType\": \"labels.text.fill\", \"stylers\": [ { \"color\": \"#9e9e9e\" } ] }, { \"featureType\": \"road\", \"stylers\": [ { \"visibility\": \"off\" } ] }, { \"featureType\": \"road\", \"elementType\": \"geometry\", \"stylers\": [ { \"color\": \"#ffffff\" } ] }, { \"featureType\": \"road\", \"elementType\": \"labels.icon\", \"stylers\": [ { \"visibility\": \"off\" } ] }, { \"featureType\": \"road.arterial\", \"elementType\": \"labels.text.fill\", \"stylers\": [ { \"color\": \"#757575\" } ] }, { \"featureType\": \"road.highway\", \"elementType\": \"geometry\", \"stylers\": [ { \"color\": \"#dadada\" } ] }, { \"featureType\": \"road.highway\", \"elementType\": \"labels.text.fill\", \"stylers\": [ { \"color\": \"#616161\" } ] }, { \"featureType\": \"road.local\", \"elementType\": \"labels.text.fill\", \"stylers\": [ { \"color\": \"#9e9e9e\" } ] }, { \"featureType\": \"transit\", \"stylers\": [ { \"visibility\": \"off\" } ] }, { \"featureType\": \"transit.line\", \"elementType\": \"geometry\", \"stylers\": [ { \"color\": \"#e5e5e5\" } ] }, { \"featureType\": \"transit.station\", \"elementType\": \"geometry\", \"stylers\": [ { \"color\": \"#eeeeee\" } ] }, { \"featureType\": \"water\", \"elementType\": \"geometry\", \"stylers\": [ { \"color\": \"#c9c9c9\" } ] }, { \"featureType\": \"water\", \"elementType\": \"geometry.fill\", \"stylers\": [ { \"color\": \"#ffffff\" } ] }, { \"featureType\": \"water\", \"elementType\": \"labels.text.fill\", \"stylers\": [ { \"color\": \"#9e9e9e\" } ] } ];\n\t\n\tvar infoWindows = new Array();\n\t\t\n\t\n\tfunction initMap() {\n\t\tvar styledMapType = new google.maps.StyledMapType(styles);\n\t\tmap = new google.maps.Map(document.getElementById('map-wrapper'), {\n\t\t\tcenter: { lat: 44.55314, lng: 10.94217 },\n\t\t\tzoom: 2,\n\t\t\tscrollwheel : false,\n\t\t\tdisableDefaultUI : true,\n\t\t\tzoomControl : true,\n\t\t\tmapTypeId: google.maps.MapTypeId.HYBRID,\n\t\t});\n\t\t\n\t\tmap.mapTypes.set('styled_map', styledMapType);\n        map.setMapTypeId('styled_map');\n\t\t\n\t\tvar image = 'https:\/\/www.salumificiopavarotti.com\/wp-content\/themes\/pavarotti\/img\/super-marker.png';\n\t\t\n\t\tnew google.maps.Marker({ position: { lat: 44.55314 ,lng: 10.94217 }, map: map, title: \"Salumificio Pavarotti S.r.l. \", icon : image,});\n\n\t\taddCountries();\n\t\t\n\t}\n\t\n<\/script>\n<script src=\"https:\/\/maps.googleapis.com\/maps\/api\/js?key=AIzaSyDdMWIsy1FNdak5K9Z_juGiN1b856VBA2U&callback=initMap\" defer><\/script>\n\n[\/vc_column][\/vc_row]<\/p>\n<\/div>","protected":false},"excerpt":{"rendered":"<p>[vc_row equal_height=&#8221;yes&#8221; content_placement=&#8221;middle&#8221; css=&#8221;.vc_custom_1647260093511{padding-top: 2em !important;padding-bottom: 2em !important;}&#8221;][vc_column width=&#8221;1\/2&#8243;][vc_column_text]Siedziba i fabryka: Via Case Bruciate, 15 a-b-c-d \u2013 41051 Castelnuovo Rangone (MO) W\u0142ochy tel. (+39) 059.535.551 info@salumificiopavarotti.it[\/vc_column_text][\/vc_column][vc_column width=&#8221;1\/2&#8243;][\/vc_column][\/vc_row][vc_row full_width=&#8221;stretch_row_content_no_spaces&#8221;][vc_column][vc_gmaps link=&#8221;#E-8_JTNDaWZyYW1lJTIwc3JjJTNEJTIyaHR0cHMlM0ElMkYlMkZ3d3cuZ29vZ2xlLmNvbSUyRm1hcHMlMkZlbWJlZCUzRnBiJTNEJTIxMW0xOCUyMTFtMTIlMjExbTMlMjExZDQwMjAuODE3OTY1NzY1NzklMjEyZDEwLjkzOTg0OTA2NDkxMzQyMSUyMTNkNDQuNTUzMDgyMDk3MDc5NTMlMjEybTMlMjExZjAlMjEyZjAlMjEzZjAlMjEzbTIlMjExaTEwMjQlMjEyaTc2OCUyMTRmMTMuMSUyMTNtMyUyMTFtMiUyMTFzMHg0NzdmZTZiN2ZiNTkyMmJiJTI1M0EweDY5NWEzN2UwNThhNjBiOGIlMjEyc1NhbHVtaWZpY2lvJTI1MjBQYXZhcm90dGklMjUyMCUyOFMuUC5BLiUyOSUyMTVlMCUyMTNtMiUyMTFzaXQlMjEyc2l0JTIxNHYxNzEzNDM2Mjc5MDI0JTIxNW0yJTIxMXNpdCUyMTJzaXQlMjIlMjB3aWR0aCUzRCUyMjYwMCUyMiUyMGhlaWdodCUzRCUyMjQ1MCUyMiUyMHN0eWxlJTNEJTIyYm9yZGVyJTNBMCUzQiUyMiUyMGFsbG93ZnVsbHNjcmVlbiUzRCUyMiUyMiUyMGxvYWRpbmclM0QlMjJsYXp5JTIyJTIwcmVmZXJyZXJwb2xpY3klM0QlMjJuby1yZWZlcnJlci13aGVuLWRvd25ncmFkZSUyMiUzRSUzQyUyRmlmcmFtZSUzRQ==&#8221; css=&#8221;&#8221;][\/vc_column][\/vc_row][vc_row full_width=&#8221;stretch_row_content_no_spaces&#8221; disable_element=&#8221;yes&#8221;][vc_column][\/vc_column][\/vc_row]<\/p>\n","protected":false},"author":1,"featured_media":0,"parent":0,"menu_order":0,"comment_status":"closed","ping_status":"closed","template":"","meta":{"_acf_changed":false,"footnotes":""},"class_list":["post-5224","page","type-page","status-publish","hentry"],"acf":[],"_links":{"self":[{"href":"https:\/\/www.salumificiopavarotti.com\/pl\/wp-json\/wp\/v2\/pages\/5224","targetHints":{"allow":["GET"]}}],"collection":[{"href":"https:\/\/www.salumificiopavarotti.com\/pl\/wp-json\/wp\/v2\/pages"}],"about":[{"href":"https:\/\/www.salumificiopavarotti.com\/pl\/wp-json\/wp\/v2\/types\/page"}],"author":[{"embeddable":true,"href":"https:\/\/www.salumificiopavarotti.com\/pl\/wp-json\/wp\/v2\/users\/1"}],"replies":[{"embeddable":true,"href":"https:\/\/www.salumificiopavarotti.com\/pl\/wp-json\/wp\/v2\/comments?post=5224"}],"version-history":[{"count":3,"href":"https:\/\/www.salumificiopavarotti.com\/pl\/wp-json\/wp\/v2\/pages\/5224\/revisions"}],"predecessor-version":[{"id":5349,"href":"https:\/\/www.salumificiopavarotti.com\/pl\/wp-json\/wp\/v2\/pages\/5224\/revisions\/5349"}],"wp:attachment":[{"href":"https:\/\/www.salumificiopavarotti.com\/pl\/wp-json\/wp\/v2\/media?parent=5224"}],"curies":[{"name":"wp","href":"https:\/\/api.w.org\/{rel}","templated":true}]}}