{"id":5220,"date":"2022-03-11T18:53:58","date_gmt":"2022-03-11T17:53:58","guid":{"rendered":"https:\/\/www.salumificiopavarotti.com\/cykl-produkcyjny\/"},"modified":"2024-06-18T17:43:26","modified_gmt":"2024-06-18T15:43:26","slug":"cykl-produkcyjny","status":"publish","type":"page","link":"https:\/\/www.salumificiopavarotti.com\/pl\/cykl-produkcyjny\/","title":{"rendered":"Cykl produkcyjny"},"content":{"rendered":"<div class=\"wpb-content-wrapper\"><p>[vc_row full_width=&#8221;stretch_row&#8221; equal_height=&#8221;yes&#8221; content_placement=&#8221;middle&#8221; css=&#8221;.vc_custom_1647365809901{padding-top: 4em !important;padding-bottom: 8em !important;background-image: url(https:\/\/www.salumificiopavarotti.com\/wp-content\/uploads\/2022\/03\/maialino-al-pascolo.jpg?id=130) !important;}&#8221; el_class=&#8221;background-bottom&#8221;][vc_column css_animation=&#8221;left-to-right&#8221; width=&#8221;1\/2&#8243;]<div class=\"double-title\">\n\t\t\t\t<h1 class=\"deco-title sinistra\">Cykl produkcyjny<\/h1>\n\t\t\t\t<h2 class=\"deco-subtitle sinistra\">Od obr\u00f3bki po gotowy produkt<\/h2>\n\t\t\t<\/div>[vc_column_text]Nasza filozofia produkcji opiera si\u0119 na zasadach tak prostych, jak i fundamentalnych: tylko <strong> najlepsze surowce<\/strong> z kontrolowanych i certyfikowanych gospodarstw, zami\u0142owanie do tradycji poprzez <strong>procesy o staro\u017cytnym smaku<\/strong> i <strong>najnowocze\u015bniejsze technologie<\/strong> gwarantuj\u0105ce najwy\u017csze standardy. Tylko w ten spos\u00f3b powstaj\u0105 produkty przekraczaj\u0105ce oczekiwania, zdolne zaspokoi\u0107 potrzeby ka\u017cdego sektora \u0142a\u0144cucha dostaw.[\/vc_column_text]<div class=\"button-wrapper destra\"><a class=\"btn btn-default btn-lg\" href=\"https:\/\/www.salumificiopavarotti.com\/pl\/produkty\/\"title=\"Produkty\">Produkty<\/a><\/div>[\/vc_column][vc_column width=&#8221;1\/2&#8243;][\/vc_column][\/vc_row][vc_row full_width=&#8221;stretch_row_content_no_spaces&#8221; equal_height=&#8221;yes&#8221; content_placement=&#8221;middle&#8221; css=&#8221;.vc_custom_1713432232547{padding-top: 2em !important;padding-bottom: 2em !important;}&#8221;][vc_column]<h2 class=\"deco-title centro\">Fazy  przetwarzania<\/h2>[\/vc_column][\/vc_row][vc_row full_width=&#8221;stretch_row_content_no_spaces&#8221; equal_height=&#8221;yes&#8221; content_placement=&#8221;middle&#8221; css_animation=&#8221;right-to-left&#8221;][vc_column]<div class=\"image-carousel-caption-wrapper \">\n\t\t\t<div class=\"image-carousel-caption\" style=\"--image-carousel-caption-color:#ffffff; --image-carousel-caption-height:60vh;\">\n\t\t\t\t\n\t\t\t\t\n\t\t\t\t<div id=\"image-carousel-caption-69dec8cfc44f3\" class=\"image-carousel-caption-slider carousel slide carousel-fade position-relative card-overlap\" data-bs-ride=\"carousel\" data-bs-interval=\"8000\">\n\t\t\t\t\t<div class=\"carousel-inner shadowed\" role=\"listbox\">\n\t\t\t\t\t\t<div data-index=\"0\" class=\"image-carousel-caption-item carousel-item item active\"><img decoding=\"async\" class=\"active\" src=\"https:\/\/www.salumificiopavarotti.com\/wp-content\/uploads\/2024\/04\/kenneth-schipper-vera-6y7jACxmhP8-unsplash-1024x683.jpg\" alt=\"\" \/><\/div>\n<div data-index=\"1\" class=\"image-carousel-caption-item carousel-item item\"><img decoding=\"async\"  src=\"https:\/\/www.salumificiopavarotti.com\/wp-content\/uploads\/2023\/08\/28-1024x665.jpg\" alt=\"\" \/><\/div>\n\t\t\t\t\t<\/div>\n\t\t\t\t\t\n\t\t\t\t\t<div class=\"carousel-indicators carousel-bullets\">\n\t\t\t\t\t\t<button type=\"button\" data-bs-target=\"#image-carousel-caption-69dec8cfc44f3\" data-bs-slide-to=\"0\" class=\"active\" aria-current=\"true\" aria-label=\"Go to slide no. 1\"><\/button>\n<button type=\"button\" data-bs-target=\"#image-carousel-caption-69dec8cfc44f3\" data-bs-slide-to=\"1\"  aria-current=\"false\" aria-label=\"Go to slide no. 2\"><\/button>\n\t\t\t\t\t<\/div>\n\t\t\t\t<\/div>\n\t\t\t\t\n\t\t\t\t\n\t\t\t\t<div class=\"image-caption-item-table-wrapper image-caption-item-table card-overlap\">\n\t\t\t\t\t<div class=\"bg-white shadow px-lg-5 px-2 py-lg-5 py-3 skewed-element\">\n\t\t\t\t\t\t<span class=\"image-caption-item-table-item\">\n\t\t\t\t\t\t\t<h3 class=\"deco-title mb-2\"><span>Jak zaczyna si\u0119 podr\u00f3\u017c<\/span><\/h3>\n\t\t\t\t\t\t\t<div class=\"image-caption-item-text my-4\">Wszystko zaczyna si\u0119 od hodowli: <strong>paszy wolnej od GMO<\/strong> i mo\u017cliwo\u015bci \u017cycia \u015bwi\u0144 w odpowiednich pomieszczeniach i na \u015bwie\u017cym powietrzu, zgodnie z wymogami przepis\u00f3w dotycz\u0105cych dobrostanu zwierz\u0105t.<\/p>\n<p>Po up\u0142ywie wymaganego czasu i osi\u0105gni\u0119ciu przez \u015bwinie du\u017cych rozmiar\u00f3w nast\u0119puje ub\u00f3j zgodnie z <strong>najnowszymi przepisami UE.<\/strong> Nogi \u015bwini docieraj\u0105 do Salumificio Pavarotti <strong>poprzez stale monitorowany i \u015bledzony<\/strong> transport w kontrolowanej temperaturze.<\/div>\n\t\t\t\t\t\t\t\n\t\t\t\t\t\t<\/span>\n\t\t\t\t\t<\/div>\n\t\t\t\t<\/div>\n\t\t\t\t\n\t\t\t<\/div>\n\t\t<\/div>[\/vc_column][\/vc_row][vc_row full_width=&#8221;stretch_row_content_no_spaces&#8221; equal_height=&#8221;yes&#8221; content_placement=&#8221;middle&#8221; css_animation=&#8221;left-to-right&#8221;][vc_column]<div class=\"image-carousel-caption-wrapper reverse \">\n\t\t\t<div class=\"image-carousel-caption\" style=\"--image-carousel-caption-color:#ea3133; --image-carousel-caption-height:60vh;\">\n\t\t\t\t\n\t\t\t\t\n\t\t\t\t<div id=\"image-carousel-caption-69dec8cfc4916\" class=\"image-carousel-caption-slider carousel slide carousel-fade position-relative card-overlap\" data-bs-ride=\"carousel\" data-bs-interval=\"8000\">\n\t\t\t\t\t<div class=\"carousel-inner shadowed\" role=\"listbox\">\n\t\t\t\t\t\t<div data-index=\"0\" class=\"image-carousel-caption-item carousel-item item active\"><img decoding=\"async\" class=\"active\" src=\"https:\/\/www.salumificiopavarotti.com\/wp-content\/uploads\/2024\/04\/2024_03_05_Salumificio_Pavarotti0014-1024x683.jpg\" alt=\"\" \/><\/div>\n<div data-index=\"1\" class=\"image-carousel-caption-item carousel-item item\"><img decoding=\"async\"  src=\"https:\/\/www.salumificiopavarotti.com\/wp-content\/uploads\/2024\/04\/2024_03_05_Salumificio_Pavarotti0002-683x1024.jpg\" alt=\"\" \/><\/div>\n\t\t\t\t\t<\/div>\n\t\t\t\t\t\n\t\t\t\t\t<div class=\"carousel-indicators carousel-bullets\">\n\t\t\t\t\t\t<button type=\"button\" data-bs-target=\"#image-carousel-caption-69dec8cfc4916\" data-bs-slide-to=\"0\" class=\"active\" aria-current=\"true\" aria-label=\"Go to slide no. 1\"><\/button>\n<button type=\"button\" data-bs-target=\"#image-carousel-caption-69dec8cfc4916\" data-bs-slide-to=\"1\"  aria-current=\"false\" aria-label=\"Go to slide no. 2\"><\/button>\n\t\t\t\t\t<\/div>\n\t\t\t\t<\/div>\n\t\t\t\t\n\t\t\t\t\n\t\t\t\t<div class=\"image-caption-item-table-wrapper image-caption-item-table card-overlap\">\n\t\t\t\t\t<div class=\"bg-white shadow px-lg-5 px-2 py-lg-5 py-3 reverse skewed-element\">\n\t\t\t\t\t\t<span class=\"image-caption-item-table-item\">\n\t\t\t\t\t\t\t<h3 class=\"deco-title mb-2\"><span>Przetw\u00f3rstwo mi\u0119sa<\/span><\/h3>\n\t\t\t\t\t\t\t<div class=\"image-caption-item-text my-4\">Tutaj s\u0105 <strong>najpierw<\/strong> pozbawione ko\u015bci, pozbawione nerw\u00f3w i przyci\u0119te (lub odt\u0142uszczone).<\/p>\n<p>Nast\u0119pnie aromatyzujemy je naszymi autorskimi solankami: wszystkie przepisy zosta\u0142y opracowane tak<strong>, aby ka\u017cda gotowana szynka by\u0142a wyj\u0105tkowa.<\/strong><\/p>\n<p>Na tym etapie nogi przechodz\u0105 w faz\u0119 <strong>masa\u017cu<\/strong>, a\u017c do dojrzewania, a szynki umieszcza si\u0119 na koniec w stalowych lub termoformowanych formach;<\/div>\n\t\t\t\t\t\t\t\n\t\t\t\t\t\t<\/span>\n\t\t\t\t\t<\/div>\n\t\t\t\t<\/div>\n\t\t\t\t\n\t\t\t<\/div>\n\t\t<\/div>[\/vc_column][\/vc_row][vc_row full_width=&#8221;stretch_row_content_no_spaces&#8221; equal_height=&#8221;yes&#8221; content_placement=&#8221;middle&#8221; css_animation=&#8221;right-to-left&#8221;][vc_column]<div class=\"image-carousel-caption-wrapper \">\n\t\t\t<div class=\"image-carousel-caption\" style=\"--image-carousel-caption-color:#e5e5e5; --image-carousel-caption-height:60vh;\">\n\t\t\t\t\n\t\t\t\t\n\t\t\t\t<div id=\"image-carousel-caption-69dec8cfc4c74\" class=\"image-carousel-caption-slider carousel slide carousel-fade position-relative card-overlap\" data-bs-ride=\"carousel\" data-bs-interval=\"8000\">\n\t\t\t\t\t<div class=\"carousel-inner shadowed\" role=\"listbox\">\n\t\t\t\t\t\t<div data-index=\"0\" class=\"image-carousel-caption-item carousel-item item active\"><img decoding=\"async\" class=\"active\" src=\"https:\/\/www.salumificiopavarotti.com\/wp-content\/uploads\/2024\/04\/2024_03_05_Salumificio_Pavarotti0035-1024x683.jpeg\" alt=\"\" \/><\/div>\n<div data-index=\"1\" class=\"image-carousel-caption-item carousel-item item\"><img decoding=\"async\"  src=\"https:\/\/www.salumificiopavarotti.com\/wp-content\/uploads\/2024\/06\/fino-tavola-2-1024x576.jpg\" alt=\"\" \/><\/div>\n\t\t\t\t\t<\/div>\n\t\t\t\t\t\n\t\t\t\t\t<div class=\"carousel-indicators carousel-bullets\">\n\t\t\t\t\t\t<button type=\"button\" data-bs-target=\"#image-carousel-caption-69dec8cfc4c74\" data-bs-slide-to=\"0\" class=\"active\" aria-current=\"true\" aria-label=\"Go to slide no. 1\"><\/button>\n<button type=\"button\" data-bs-target=\"#image-carousel-caption-69dec8cfc4c74\" data-bs-slide-to=\"1\"  aria-current=\"false\" aria-label=\"Go to slide no. 2\"><\/button>\n\t\t\t\t\t<\/div>\n\t\t\t\t<\/div>\n\t\t\t\t\n\t\t\t\t\n\t\t\t\t<div class=\"image-caption-item-table-wrapper image-caption-item-table card-overlap\">\n\t\t\t\t\t<div class=\"bg-white shadow px-lg-5 px-2 py-lg-5 py-3 skewed-element\">\n\t\t\t\t\t\t<span class=\"image-caption-item-table-item\">\n\t\t\t\t\t\t\t<h3 class=\"deco-title mb-2\"><span>Do sto\u0142u<\/span><\/h3>\n\t\t\t\t\t\t\t<div class=\"image-caption-item-text my-4\">Gotowanie odbywa <strong>si\u0119 powoli w piekarniku parowym<\/strong>, zgodnie z tradycj\u0105.<\/p>\n<p>Na koniec s\u0105 pakowane i <strong>pasteryzowane<\/strong>, co gwarantuje brak obci\u0105\u017cenia bakteryjnego.<\/p>\n<p><strong>A tutaj <\/strong> s\u0105 gotowe na Twoje sto\u0142y!<\/p>\n<div id=\"awebChromeHelper\"><\/div>\n<div id=\"awebChromeHelper\"><\/div>\n<div id=\"awebChromeHelper\"><\/div>\n<p><\/div>\n\t\t\t\t\t\t\t\n\t\t\t\t\t\t<\/span>\n\t\t\t\t\t<\/div>\n\t\t\t\t<\/div>\n\t\t\t\t\n\t\t\t<\/div>\n\t\t<\/div>[\/vc_column][\/vc_row][vc_row equal_height=&#8221;yes&#8221; content_placement=&#8221;middle&#8221; css=&#8221;.vc_custom_1648656809288{padding-top: 2em !important;padding-bottom: 2em !important;}&#8221;][vc_column width=&#8221;1\/2&#8243;][vc_single_image image=&#8221;2999&#8243; img_size=&#8221;full&#8221; alignment=&#8221;center&#8221; css_animation=&#8221;fadeIn&#8221;][\/vc_column][vc_column width=&#8221;1\/2&#8243;]<div class=\"double-title\">\n\t\t\t\t<h2 class=\"deco-title sinistra\">Nasze produkty<\/h2>\n\t\t\t\t<h3 class=\"deco-subtitle sinistra\">Smak jako\u015bci<\/h3>\n\t\t\t<\/div>[vc_column_text]Ca\u0142a jako\u015b\u0107 najlepszych surowc\u00f3w i nasze wykonanie zawarta jest w smaku produkt\u00f3w marki <strong>Salumificio Pavarotti. <\/strong> Od szynek po gotowane \u0142opatki, od gastronomii po frankfurterki \u2013 ka\u017cdego dnia dostarczamy na st\u00f3\u0142 <strong>spektakl smaku. <\/strong>[\/vc_column_text]<div class=\"button-wrapper sinistra\"><a class=\"btn btn-default\" href=\"https:\/\/www.salumificiopavarotti.com\/pl\/produkty\/\"title=\"Odkryj nasze produkty\">Odkryj nasze produkty<\/a><\/div>[\/vc_column][\/vc_row]<\/p>\n<\/div>","protected":false},"excerpt":{"rendered":"<p>[vc_row full_width=&#8221;stretch_row&#8221; equal_height=&#8221;yes&#8221; content_placement=&#8221;middle&#8221; css=&#8221;.vc_custom_1647365809901{padding-top: 4em !important;padding-bottom: 8em !important;background-image: url(https:\/\/www.salumificiopavarotti.com\/wp-content\/uploads\/2022\/03\/maialino-al-pascolo.jpg?id=130) !important;}&#8221; el_class=&#8221;background-bottom&#8221;][vc_column css_animation=&#8221;left-to-right&#8221; width=&#8221;1\/2&#8243;][vc_column_text]Nasza filozofia produkcji opiera si\u0119 na zasadach tak prostych, jak i fundamentalnych: tylko najlepsze surowce z kontrolowanych i certyfikowanych gospodarstw, zami\u0142owanie do tradycji poprzez procesy o staro\u017cytnym smaku i najnowocze\u015bniejsze technologie gwarantuj\u0105ce najwy\u017csze standardy. Tylko w ten spos\u00f3b powstaj\u0105 produkty przekraczaj\u0105ce oczekiwania, [&hellip;]<\/p>\n","protected":false},"author":1,"featured_media":0,"parent":0,"menu_order":0,"comment_status":"closed","ping_status":"closed","template":"","meta":{"_acf_changed":false,"footnotes":""},"class_list":["post-5220","page","type-page","status-publish","hentry"],"acf":[],"_links":{"self":[{"href":"https:\/\/www.salumificiopavarotti.com\/pl\/wp-json\/wp\/v2\/pages\/5220","targetHints":{"allow":["GET"]}}],"collection":[{"href":"https:\/\/www.salumificiopavarotti.com\/pl\/wp-json\/wp\/v2\/pages"}],"about":[{"href":"https:\/\/www.salumificiopavarotti.com\/pl\/wp-json\/wp\/v2\/types\/page"}],"author":[{"embeddable":true,"href":"https:\/\/www.salumificiopavarotti.com\/pl\/wp-json\/wp\/v2\/users\/1"}],"replies":[{"embeddable":true,"href":"https:\/\/www.salumificiopavarotti.com\/pl\/wp-json\/wp\/v2\/comments?post=5220"}],"version-history":[{"count":14,"href":"https:\/\/www.salumificiopavarotti.com\/pl\/wp-json\/wp\/v2\/pages\/5220\/revisions"}],"predecessor-version":[{"id":5337,"href":"https:\/\/www.salumificiopavarotti.com\/pl\/wp-json\/wp\/v2\/pages\/5220\/revisions\/5337"}],"wp:attachment":[{"href":"https:\/\/www.salumificiopavarotti.com\/pl\/wp-json\/wp\/v2\/media?parent=5220"}],"curies":[{"name":"wp","href":"https:\/\/api.w.org\/{rel}","templated":true}]}}