{"id":5212,"date":"2022-03-16T20:13:43","date_gmt":"2022-03-16T19:13:43","guid":{"rendered":"https:\/\/www.salumificiopavarotti.com\/https-www-youtube-com-watchvjqkp3lopxwc\/certyfikaty\/"},"modified":"2024-06-19T12:24:51","modified_gmt":"2024-06-19T10:24:51","slug":"certyfikaty","status":"publish","type":"page","link":"https:\/\/www.salumificiopavarotti.com\/pl\/nasza-firma\/certyfikaty\/","title":{"rendered":"Certyfikaty"},"content":{"rendered":"<div class=\"wpb-content-wrapper\"><p>[vc_row equal_height=&#8221;yes&#8221; content_placement=&#8221;middle&#8221; css=&#8221;.vc_custom_1648565781763{padding-top: 4em !important;padding-bottom: 4em !important;}&#8221;][vc_column width=&#8221;1\/2&#8243;]<h1 class=\"deco-title sinistra\">Le certificazioni<\/h1>[vc_column_text]Salumificio Pavarotti posiada najwa\u017cniejsze i najbardziej rozpoznawalne mi\u0119dzynarodowe certyfikaty w bran\u017cy spo\u017cywczej z najwy\u017cszymi ocenami.<\/p>\n<p>Certyfikaty po\u015bwiadczaj\u0105ce jako\u015b\u0107 pomieszcze\u0144 produkcyjnych, sprawno\u015b\u0107 system\u00f3w, przestrzeganie norm BHP oraz przepis\u00f3w BHP. W rzeczywisto\u015bci firma posiada zar\u00f3wno certyfikat BRC FOOD, jak i certyfikat IFS.<\/p>\n<p>Ponadto jeste\u015bmy jednymi z pierwszych sygnatariuszy Manifestu IVSI, zrzeszaj\u0105cego w\u0142oskie firmy, kt\u00f3re zobowi\u0105za\u0142y si\u0119 do przestrzegania 7 warto\u015bci tradycji w\u0119dliniarskiej.[\/vc_column_text]<div class=\"button-wrapper sinistra\"><a class=\"btn btn-default\" href=\"https:\/\/www.salumificiopavarotti.com\/pl\/nasza-firma\/#warto%C5%9Bci\"title=\"Scopri i nostri valori\">Odkryj nasze warto\u015bci<\/a><\/div>[\/vc_column][vc_column width=&#8221;1\/6&#8243;][vc_single_image image=&#8221;2978&#8243; img_size=&#8221;full&#8221; alignment=&#8221;center&#8221; css_animation=&#8221;fadeIn&#8221;][\/vc_column][vc_column width=&#8221;1\/6&#8243;][vc_single_image image=&#8221;2979&#8243; img_size=&#8221;full&#8221; alignment=&#8221;center&#8221; css_animation=&#8221;fadeIn&#8221;][\/vc_column][vc_column width=&#8221;1\/6&#8243;][vc_single_image image=&#8221;2980&#8243; img_size=&#8221;full&#8221; alignment=&#8221;center&#8221; css_animation=&#8221;fadeIn&#8221;][\/vc_column][\/vc_row][vc_row full_width=&#8221;stretch_row&#8221; css=&#8221;.vc_custom_1648565844640{margin-top: -10em !important;padding-top: 3em !important;background-image: url(https:\/\/www.salumificiopavarotti.com\/wp-content\/uploads\/2022\/03\/enviroment-salumificio-pavarotti-green.jpg?id=370) !important;}&#8221;][vc_column][vc_single_image image=&#8221;2984&#8243; img_size=&#8221;full&#8221; alignment=&#8221;center&#8221; css_animation=&#8221;bottom-to-top&#8221; el_class=&#8221;mb-0&#8243;][\/vc_column][\/vc_row]<\/p>\n<\/div>","protected":false},"excerpt":{"rendered":"<p>[vc_row equal_height=&#8221;yes&#8221; content_placement=&#8221;middle&#8221; css=&#8221;.vc_custom_1648565781763{padding-top: 4em !important;padding-bottom: 4em !important;}&#8221;][vc_column width=&#8221;1\/2&#8243;][vc_column_text]Salumificio Pavarotti posiada najwa\u017cniejsze i najbardziej rozpoznawalne mi\u0119dzynarodowe certyfikaty w bran\u017cy spo\u017cywczej z najwy\u017cszymi ocenami. Certyfikaty po\u015bwiadczaj\u0105ce jako\u015b\u0107 pomieszcze\u0144 produkcyjnych, sprawno\u015b\u0107 system\u00f3w, przestrzeganie norm BHP oraz przepis\u00f3w BHP. W rzeczywisto\u015bci firma posiada zar\u00f3wno certyfikat BRC FOOD, jak i certyfikat IFS. Ponadto jeste\u015bmy jednymi z pierwszych sygnatariuszy Manifestu [&hellip;]<\/p>\n","protected":false},"author":1,"featured_media":3007,"parent":5205,"menu_order":0,"comment_status":"closed","ping_status":"closed","template":"","meta":{"_acf_changed":false,"footnotes":""},"class_list":["post-5212","page","type-page","status-publish","has-post-thumbnail","hentry"],"acf":[],"_links":{"self":[{"href":"https:\/\/www.salumificiopavarotti.com\/pl\/wp-json\/wp\/v2\/pages\/5212","targetHints":{"allow":["GET"]}}],"collection":[{"href":"https:\/\/www.salumificiopavarotti.com\/pl\/wp-json\/wp\/v2\/pages"}],"about":[{"href":"https:\/\/www.salumificiopavarotti.com\/pl\/wp-json\/wp\/v2\/types\/page"}],"author":[{"embeddable":true,"href":"https:\/\/www.salumificiopavarotti.com\/pl\/wp-json\/wp\/v2\/users\/1"}],"replies":[{"embeddable":true,"href":"https:\/\/www.salumificiopavarotti.com\/pl\/wp-json\/wp\/v2\/comments?post=5212"}],"version-history":[{"count":4,"href":"https:\/\/www.salumificiopavarotti.com\/pl\/wp-json\/wp\/v2\/pages\/5212\/revisions"}],"predecessor-version":[{"id":5348,"href":"https:\/\/www.salumificiopavarotti.com\/pl\/wp-json\/wp\/v2\/pages\/5212\/revisions\/5348"}],"up":[{"embeddable":true,"href":"https:\/\/www.salumificiopavarotti.com\/pl\/wp-json\/wp\/v2\/pages\/5205"}],"wp:featuredmedia":[{"embeddable":true,"href":"https:\/\/www.salumificiopavarotti.com\/pl\/wp-json\/wp\/v2\/media\/3007"}],"wp:attachment":[{"href":"https:\/\/www.salumificiopavarotti.com\/pl\/wp-json\/wp\/v2\/media?parent=5212"}],"curies":[{"name":"wp","href":"https:\/\/api.w.org\/{rel}","templated":true}]}}