{"id":5209,"date":"2022-03-16T20:14:04","date_gmt":"2022-03-16T19:14:04","guid":{"rendered":"https:\/\/www.salumificiopavarotti.com\/https-www-youtube-com-watchvjqkp3lopxwc\/dobrostan-zwierzat\/"},"modified":"2024-06-17T18:07:24","modified_gmt":"2024-06-17T16:07:24","slug":"dobrostan-zwierzat","status":"publish","type":"page","link":"https:\/\/www.salumificiopavarotti.com\/pl\/nasza-firma\/dobrostan-zwierzat\/","title":{"rendered":"Dobrostan zwierz\u0105t"},"content":{"rendered":"<div class=\"wpb-content-wrapper\"><p>[vc_row equal_height=&#8221;yes&#8221; content_placement=&#8221;bottom&#8221; css=&#8221;.vc_custom_1648654486402{padding-top: 4em !important;}&#8221;][vc_column width=&#8221;3\/4&#8243;]<div class=\"double-title\">\n\t\t\t\t<h1 class=\"deco-title sinistra\">Dobrostan zwierz\u0105t<\/h1>\n\t\t\t\t<h2 class=\"deco-subtitle sinistra\">Jako\u015b\u0107 etyczna i zr\u00f3wnowa\u017cona<\/h2>\n\t\t\t<\/div>[vc_column_text]Dobrostan zwierz\u0105t, zar\u00f3wno fizyczny, jak i psychiczny, jest niezb\u0119dn\u0105 przes\u0142ank\u0105 zr\u00f3wnowa\u017conego systemu i wysokiej jako\u015bci \u0142a\u0144cucha dostaw. Pierwszy raport na temat dobrostanu zwierz\u0105t, Raport Brambella, pochodzi z 1965 roku i podaje pi\u0119\u0107 podstawowych wolno\u015bci, z kt\u00f3rych zwierz\u0119ta musz\u0105 mie\u0107 mo\u017cliwo\u015b\u0107 korzystania.<\/p>\n<p>Swobody te, uznane przez spo\u0142eczno\u015b\u0107 naukow\u0105, zosta\u0142y wdro\u017cone w prawodawstwie europejskim, kt\u00f3re narzuca zasady strukturalne i zasady zarz\u0105dzania, kt\u00f3rych musz\u0105 przestrzega\u0107 gospodarstwa rolne.<\/p>\n<p>Salumificio Pavarotti na pierwszym miejscu stawia \u015bcis\u0142e przestrzeganie przepis\u00f3w dotycz\u0105cych dobrostanu zwierz\u0105t i na tej podstawie wybiera swoich dostawc\u00f3w. Poniewa\u017c tylko inwestuj\u0105c w etyczny i zr\u00f3wnowa\u017cony \u0142a\u0144cuch dostaw, mo\u017cemy mie\u0107 pewno\u015b\u0107, \u017ce zawsze b\u0119dziemy tworzy\u0107 produkty doskona\u0142ej jako\u015bci![\/vc_column_text][\/vc_column][vc_column width=&#8221;1\/4&#8243;]<div class=\"button-wrapper centro\"><a class=\"btn btn-default btn-lg mb-3\" href=\"https:\/\/www.salumificiopavarotti.com\/pl\/cykl-produkcyjny\/\"title=\"Zobacz nasz cykl produkcyjny\">Zobacz nasz cykl produkcyjny<\/a><\/div>[\/vc_column][\/vc_row][vc_row full_width=&#8221;stretch_row_content_no_spaces&#8221; equal_height=&#8221;yes&#8221;][vc_column]<div class=\"image-wrapper mb-0\">\n\t\t\t\t<figure class=\"autosquare\" data-delta=\"7.6158940397351\" data-style=\"background-image:url('https:\/\/www.salumificiopavarotti.com\/wp-content\/uploads\/2022\/03\/top-151-1024x134.jpg');\" >\n\t\t\t\t\t\n\t\t\t\t\t\n\t\t\t\t<\/figure>\n\t\t\t<\/div>[\/vc_column][\/vc_row][vc_row full_width=&#8221;stretch_row_content_no_spaces&#8221; equal_height=&#8221;yes&#8221;][vc_column width=&#8221;1\/5&#8243;]<div class=\"flip-post autosquare square-on-md \" data-delta=\"1\" style=\"background-color:#66aa34;\">\n\t\t\t\t<figure title=\"1\" class=\"flip-post-image autolazy\"  data-style=\"background-image:url('https:\/\/www.salumificiopavarotti.com\/wp-content\/uploads\/2022\/03\/1.jpg');\">\n\t\t\t\t\t<img width=\"230\" height=\"230\" data-src=\"https:\/\/www.salumificiopavarotti.com\/wp-content\/uploads\/2022\/03\/1.jpg\" class=\"attachment-large size-large\" alt=\"\" srcset=\"https:\/\/www.salumificiopavarotti.com\/wp-content\/uploads\/2022\/03\/1.jpg 230w, https:\/\/www.salumificiopavarotti.com\/wp-content\/uploads\/2022\/03\/1-150x150.jpg 150w\" sizes=\"(max-width: 230px) 100vw, 230px\" \/>\n\t\t\t\t\t<figcaption><span>1<\/span><\/figcaption>\n\t\t\t\t<\/figure>\n\t\t\t\t<div class=\"flip-post-content-wrapper\">\n\t\t\t\t\t<div class=\"flip-post-inner-wrapper\">\n\t\t\t\t\t\t<h3 class=\"flip-post-title\" style=\"color:#ffffff;\">1<\/h3>\n\t\t\t\t\t\t<div class=\"flip-post-description\" style=\"color:#ffffff;\"><strong>Wolno\u015b\u0107 od g\u0142odu i pragnienia<\/strong>\n<p>z \u0142atwym dost\u0119pem do \u015bwie\u017cej wody i diet\u0105 zapewniaj\u0105c\u0105 pe\u0142ne zdrowie;<\/p><\/div>\n\t\t\t\t\t<\/div>\n\t\t\t\t<\/div>\n\t\t\t<\/div>[\/vc_column][vc_column width=&#8221;1\/5&#8243;]<div class=\"flip-post autosquare square-on-md \" data-delta=\"1\" style=\"background-color:#66aa34;\">\n\t\t\t\t<figure title=\"2\" class=\"flip-post-image autolazy\"  data-style=\"background-image:url('https:\/\/www.salumificiopavarotti.com\/wp-content\/uploads\/2022\/03\/2.jpg');\">\n\t\t\t\t\t<img width=\"230\" height=\"230\" data-src=\"https:\/\/www.salumificiopavarotti.com\/wp-content\/uploads\/2022\/03\/2.jpg\" class=\"attachment-large size-large\" alt=\"\" srcset=\"https:\/\/www.salumificiopavarotti.com\/wp-content\/uploads\/2022\/03\/2.jpg 230w, https:\/\/www.salumificiopavarotti.com\/wp-content\/uploads\/2022\/03\/2-150x150.jpg 150w\" sizes=\"(max-width: 230px) 100vw, 230px\" \/>\n\t\t\t\t\t<figcaption><span>2<\/span><\/figcaption>\n\t\t\t\t<\/figure>\n\t\t\t\t<div class=\"flip-post-content-wrapper\">\n\t\t\t\t\t<div class=\"flip-post-inner-wrapper\">\n\t\t\t\t\t\t<h3 class=\"flip-post-title\" style=\"color:#ffffff;\">2<\/h3>\n\t\t\t\t\t\t<div class=\"flip-post-description\" style=\"color:#ffffff;\"><strong>Wolno\u015b\u0107 od dyskomfortu<\/strong>\n<p>w odpowiednim \u015brodowisku \u017cycia, obejmuj\u0105cym schronienie i wygodne miejsca do odpoczynku;<\/p><\/div>\n\t\t\t\t\t<\/div>\n\t\t\t\t<\/div>\n\t\t\t<\/div>[\/vc_column][vc_column width=&#8221;1\/5&#8243;]<div class=\"flip-post autosquare square-on-md \" data-delta=\"1\" style=\"background-color:#66aa34;\">\n\t\t\t\t<figure title=\"3\" class=\"flip-post-image autolazy\"  data-style=\"background-image:url('https:\/\/www.salumificiopavarotti.com\/wp-content\/uploads\/2022\/03\/3.jpg');\">\n\t\t\t\t\t<img width=\"230\" height=\"230\" data-src=\"https:\/\/www.salumificiopavarotti.com\/wp-content\/uploads\/2022\/03\/3.jpg\" class=\"attachment-large size-large\" alt=\"\" srcset=\"https:\/\/www.salumificiopavarotti.com\/wp-content\/uploads\/2022\/03\/3.jpg 230w, https:\/\/www.salumificiopavarotti.com\/wp-content\/uploads\/2022\/03\/3-150x150.jpg 150w\" sizes=\"(max-width: 230px) 100vw, 230px\" \/>\n\t\t\t\t\t<figcaption><span>3<\/span><\/figcaption>\n\t\t\t\t<\/figure>\n\t\t\t\t<div class=\"flip-post-content-wrapper\">\n\t\t\t\t\t<div class=\"flip-post-inner-wrapper\">\n\t\t\t\t\t\t<h3 class=\"flip-post-title\" style=\"color:#ffffff;\">3<\/h3>\n\t\t\t\t\t\t<div class=\"flip-post-description\" style=\"color:#ffffff;\"><strong>Wolno\u015b\u0107 od b\u00f3lu, uraz\u00f3w i chor\u00f3b<\/strong>\n<p>poprzez profilaktyk\u0119 oraz szybk\u0105 diagnostyk\u0119 i leczenie;<\/p><\/div>\n\t\t\t\t\t<\/div>\n\t\t\t\t<\/div>\n\t\t\t<\/div>[\/vc_column][vc_column width=&#8221;1\/5&#8243;]<div class=\"flip-post autosquare square-on-md \" data-delta=\"1\" style=\"background-color:#66aa34;\">\n\t\t\t\t<figure title=\"4\" class=\"flip-post-image autolazy\"  data-style=\"background-image:url('https:\/\/www.salumificiopavarotti.com\/wp-content\/uploads\/2022\/03\/4.jpg');\">\n\t\t\t\t\t<img width=\"230\" height=\"230\" data-src=\"https:\/\/www.salumificiopavarotti.com\/wp-content\/uploads\/2022\/03\/4.jpg\" class=\"attachment-large size-large\" alt=\"\" srcset=\"https:\/\/www.salumificiopavarotti.com\/wp-content\/uploads\/2022\/03\/4.jpg 230w, https:\/\/www.salumificiopavarotti.com\/wp-content\/uploads\/2022\/03\/4-150x150.jpg 150w\" sizes=\"(max-width: 230px) 100vw, 230px\" \/>\n\t\t\t\t\t<figcaption><span>4<\/span><\/figcaption>\n\t\t\t\t<\/figure>\n\t\t\t\t<div class=\"flip-post-content-wrapper\">\n\t\t\t\t\t<div class=\"flip-post-inner-wrapper\">\n\t\t\t\t\t\t<h3 class=\"flip-post-title\" style=\"color:#ffffff;\">4<\/h3>\n\t\t\t\t\t\t<div class=\"flip-post-description\" style=\"color:#ffffff;\"><strong>Wolno\u015b\u0107 wyra\u017cania zachowa\u0144 normalnych dla w\u0142asnego gatunku<\/strong><p>w wystarczaj\u0105cej przestrzeni z odpowiednimi udogodnieniami i w towarzystwie innych zwierz\u0105t tego samego gatunku;<\/p><\/div>\n\t\t\t\t\t<\/div>\n\t\t\t\t<\/div>\n\t\t\t<\/div>[\/vc_column][vc_column width=&#8221;1\/5&#8243;]<div class=\"flip-post autosquare square-on-md \" data-delta=\"1\" style=\"background-color:#66aa34;\">\n\t\t\t\t<figure title=\"5\" class=\"flip-post-image autolazy\"  data-style=\"background-image:url('https:\/\/www.salumificiopavarotti.com\/wp-content\/uploads\/2022\/03\/5.jpg');\">\n\t\t\t\t\t<img width=\"230\" height=\"230\" data-src=\"https:\/\/www.salumificiopavarotti.com\/wp-content\/uploads\/2022\/03\/5.jpg\" class=\"attachment-large size-large\" alt=\"\" srcset=\"https:\/\/www.salumificiopavarotti.com\/wp-content\/uploads\/2022\/03\/5.jpg 230w, https:\/\/www.salumificiopavarotti.com\/wp-content\/uploads\/2022\/03\/5-150x150.jpg 150w\" sizes=\"(max-width: 230px) 100vw, 230px\" \/>\n\t\t\t\t\t<figcaption><span>5<\/span><\/figcaption>\n\t\t\t\t<\/figure>\n\t\t\t\t<div class=\"flip-post-content-wrapper\">\n\t\t\t\t\t<div class=\"flip-post-inner-wrapper\">\n\t\t\t\t\t\t<h3 class=\"flip-post-title\" style=\"color:#ffffff;\">5<\/h3>\n\t\t\t\t\t\t<div class=\"flip-post-description\" style=\"color:#ffffff;\"><strong>Wolno\u015b\u0107 od strachu i udr\u0119ki<\/strong><p>zapewnienie warunk\u00f3w i leczenia pozwalaj\u0105cych unikn\u0105\u0107 cierpie\u0144 psychicznych.<\/p><\/div>\n\t\t\t\t\t<\/div>\n\t\t\t\t<\/div>\n\t\t\t<\/div>[\/vc_column][\/vc_row][vc_row full_width=&#8221;stretch_row_content_no_spaces&#8221; equal_height=&#8221;yes&#8221;][vc_column]<div class=\"image-wrapper mb-0\">\n\t\t\t\t<figure class=\"autosquare\" data-delta=\"7.6158940397351\" data-style=\"background-image:url('https:\/\/www.salumificiopavarotti.com\/wp-content\/uploads\/2022\/03\/bottom-151-1024x134.jpg');\" >\n\t\t\t\t\t\n\t\t\t\t\t\n\t\t\t\t<\/figure>\n\t\t\t<\/div>[\/vc_column][\/vc_row]<\/p>\n<\/div>","protected":false},"excerpt":{"rendered":"<p>[vc_row equal_height=&#8221;yes&#8221; content_placement=&#8221;bottom&#8221; css=&#8221;.vc_custom_1648654486402{padding-top: 4em !important;}&#8221;][vc_column width=&#8221;3\/4&#8243;][vc_column_text]Dobrostan zwierz\u0105t, zar\u00f3wno fizyczny, jak i psychiczny, jest niezb\u0119dn\u0105 przes\u0142ank\u0105 zr\u00f3wnowa\u017conego systemu i wysokiej jako\u015bci \u0142a\u0144cucha dostaw. Pierwszy raport na temat dobrostanu zwierz\u0105t, Raport Brambella, pochodzi z 1965 roku i podaje pi\u0119\u0107 podstawowych wolno\u015bci, z kt\u00f3rych zwierz\u0119ta musz\u0105 mie\u0107 mo\u017cliwo\u015b\u0107 korzystania. Swobody te, uznane przez spo\u0142eczno\u015b\u0107 naukow\u0105, zosta\u0142y wdro\u017cone [&hellip;]<\/p>\n","protected":false},"author":1,"featured_media":2998,"parent":5205,"menu_order":0,"comment_status":"closed","ping_status":"closed","template":"","meta":{"_acf_changed":false,"footnotes":""},"class_list":["post-5209","page","type-page","status-publish","has-post-thumbnail","hentry"],"acf":[],"_links":{"self":[{"href":"https:\/\/www.salumificiopavarotti.com\/pl\/wp-json\/wp\/v2\/pages\/5209","targetHints":{"allow":["GET"]}}],"collection":[{"href":"https:\/\/www.salumificiopavarotti.com\/pl\/wp-json\/wp\/v2\/pages"}],"about":[{"href":"https:\/\/www.salumificiopavarotti.com\/pl\/wp-json\/wp\/v2\/types\/page"}],"author":[{"embeddable":true,"href":"https:\/\/www.salumificiopavarotti.com\/pl\/wp-json\/wp\/v2\/users\/1"}],"replies":[{"embeddable":true,"href":"https:\/\/www.salumificiopavarotti.com\/pl\/wp-json\/wp\/v2\/comments?post=5209"}],"version-history":[{"count":4,"href":"https:\/\/www.salumificiopavarotti.com\/pl\/wp-json\/wp\/v2\/pages\/5209\/revisions"}],"predecessor-version":[{"id":5317,"href":"https:\/\/www.salumificiopavarotti.com\/pl\/wp-json\/wp\/v2\/pages\/5209\/revisions\/5317"}],"up":[{"embeddable":true,"href":"https:\/\/www.salumificiopavarotti.com\/pl\/wp-json\/wp\/v2\/pages\/5205"}],"wp:featuredmedia":[{"embeddable":true,"href":"https:\/\/www.salumificiopavarotti.com\/pl\/wp-json\/wp\/v2\/media\/2998"}],"wp:attachment":[{"href":"https:\/\/www.salumificiopavarotti.com\/pl\/wp-json\/wp\/v2\/media?parent=5209"}],"curies":[{"name":"wp","href":"https:\/\/api.w.org\/{rel}","templated":true}]}}