{"id":555,"date":"2022-03-11T18:53:48","date_gmt":"2022-03-11T17:53:48","guid":{"rendered":"https:\/\/www.salumificiopavarotti.com\/?page_id=555"},"modified":"2022-12-28T17:28:57","modified_gmt":"2022-12-28T16:28:57","slug":"company","status":"publish","type":"page","link":"https:\/\/www.salumificiopavarotti.com\/en\/company\/","title":{"rendered":"Company"},"content":{"rendered":"<div class=\"wpb-content-wrapper\"><p>[vc_row full_width=&#8221;stretch_row&#8221; equal_height=&#8221;yes&#8221; content_placement=&#8221;middle&#8221; css=&#8221;.vc_custom_1648658757381{padding-top: 6em !important;padding-bottom: 6em !important;background-image: url(https:\/\/www.salumificiopavarotti.com\/wp-content\/uploads\/2022\/03\/salumificio-pavarotti-sede.jpg?id=84) !important;background-position: center !important;background-repeat: no-repeat !important;background-size: cover !important;}&#8221; el_id=&#8221;history&#8221;][vc_column css_animation=&#8221;left-to-right&#8221; width=&#8221;5\/12&#8243; el_class=&#8221;bg-light shadow p-3 rounded&#8221; offset=&#8221;vc_col-sm-offset-0 vc_col-xs-offset-1 vc_col-xs-10&#8243;]<div class=\"double-title\">\n\t\t\t\t<h1 class=\"deco-title sinistra\">Salumificio Pavarotti<\/h1>\n\t\t\t\t<h2 class=\"deco-subtitle sinistra\">A success story<\/h2>\n\t\t\t<\/div>[vc_column_text]The <strong> Salumificio Pavarotti <\/strong> was born in 1973 in Castelnuovo Rangone, in the province of <strong> Modena <\/strong>, in the heart of a territory devoted to food and wine tradition. The intuition of <strong> founder Enea Pavarotti <\/strong> is to make the most of the experience of the Emilian charcuterie workers and dedicate himself to the production of only <strong> quality cooked hams <\/strong>. Over the years, <strong> Salumificio Pavarotti <\/strong> has grown and expanded its offer, reaching a production area of nine thousand square meters and <strong> one of the largest production capacities in Italy. <\/strong>[\/vc_column_text]<div class=\"button-wrapper sinistra\">\n\t\t\t<button type=\"button\" data-target=\"#cta-modal-69f1995bf41fb\" data-unique=\"69f1995bf41fb\" data-label=\"Contact us\" data-form=\"21\" class=\"btn btn-default ajax-modal btn-lg\"  title=\"Contact us\">Contact us<\/button>\n\t\t<\/div>[\/vc_column][vc_column width=&#8221;7\/12&#8243;][\/vc_column][\/vc_row][vc_row equal_height=&#8221;yes&#8221; content_placement=&#8221;middle&#8221; css=&#8221;.vc_custom_1648658764181{padding-top: 4em !important;padding-bottom: 4em !important;}&#8221; el_id=&#8221;values&#8221;][vc_column width=&#8221;1\/2&#8243;][vc_single_image image=&#8221;393&#8243; img_size=&#8221;full&#8221; alignment=&#8221;center&#8221; css_animation=&#8221;fadeIn&#8221;][\/vc_column][vc_column width=&#8221;1\/2&#8243;]<h2 class=\"deco-title sinistra\">Our values<\/h2>[vc_column_text]The <strong> Salumificio Pavarotti <\/strong> is part of the <strong> Italian Salami Valorisation Institute <\/strong> (IVSI), a reality that collects the excellence of the sector and promotes the quality and culture of Italian cured meats all over the world.<\/p>\n<p>The <strong> Salumificio Pavarotti <\/strong> also adheres to the <strong> IVSI manifesto<\/strong>, which provides for and certifies compliance with seven key points, corresponding to the values that distinguish us: history and tradition, information and culture, quality and sustainability, bond with the territory, Italian lifestyle, team play, orientation towards the future.[\/vc_column_text][\/vc_column][\/vc_row][vc_row full_width=&#8221;stretch_row_content_no_spaces&#8221; equal_height=&#8221;yes&#8221; content_placement=&#8221;middle&#8221;][vc_column width=&#8221;1\/4&#8243;]<div class=\"flip-post autosquare square-on-md \" data-delta=\"1\" style=\"background-color:#e5e5e5;\">\n\t\t\t\t<figure title=\"Istituto Valorizzazione Salumi Italiani\" class=\"flip-post-image autolazy\"  data-style=\"background-image:url('https:\/\/www.salumificiopavarotti.com\/wp-content\/uploads\/2022\/03\/logo-ivsi-positivo-bianco.jpg');\">\n\t\t\t\t\t<img width=\"450\" height=\"450\" data-src=\"https:\/\/www.salumificiopavarotti.com\/wp-content\/uploads\/2022\/03\/logo-ivsi-positivo-bianco.jpg\" class=\"attachment-large size-large\" alt=\"\" srcset=\"https:\/\/www.salumificiopavarotti.com\/wp-content\/uploads\/2022\/03\/logo-ivsi-positivo-bianco.jpg 450w, https:\/\/www.salumificiopavarotti.com\/wp-content\/uploads\/2022\/03\/logo-ivsi-positivo-bianco-300x300.jpg 300w, https:\/\/www.salumificiopavarotti.com\/wp-content\/uploads\/2022\/03\/logo-ivsi-positivo-bianco-150x150.jpg 150w\" sizes=\"(max-width: 450px) 100vw, 450px\" \/>\n\t\t\t\t\t\n\t\t\t\t<\/figure>\n\t\t\t\t<div class=\"flip-post-content-wrapper\">\n\t\t\t\t\t<div class=\"flip-post-inner-wrapper\">\n\t\t\t\t\t\t<h3 class=\"flip-post-title\" style=\"color:#555555;\">Istituto Valorizzazione Salumi Italiani<\/h3>\n\t\t\t\t\t\t<div class=\"flip-post-description\" style=\"color:#555555;\"><p>IVSI (Italian Salami Valorization Institute) believes in the importance of a relationship of trust between manufacturing companies and consumers, as an engine for the consolidation and development of the heritage of Italian cured meats, which represent food excellence worldwide.<\/p><\/div>\n\t\t\t\t\t<\/div>\n\t\t\t\t<\/div>\n\t\t\t<\/div>[\/vc_column][vc_column width=&#8221;1\/4&#8243;]<div class=\"flip-post autosquare square-on-md \" data-delta=\"1\" style=\"background-color:#ac0f15;\">\n\t\t\t\t<figure title=\"History and tradition\" class=\"flip-post-image autolazy\"  data-style=\"background-image:url('https:\/\/www.salumificiopavarotti.com\/wp-content\/uploads\/2022\/03\/ivsi-1-storia-e-tradizione.jpg');\">\n\t\t\t\t\t<img width=\"500\" height=\"500\" data-src=\"https:\/\/www.salumificiopavarotti.com\/wp-content\/uploads\/2022\/03\/ivsi-1-storia-e-tradizione.jpg\" class=\"attachment-large size-large\" alt=\"\" srcset=\"https:\/\/www.salumificiopavarotti.com\/wp-content\/uploads\/2022\/03\/ivsi-1-storia-e-tradizione.jpg 500w, https:\/\/www.salumificiopavarotti.com\/wp-content\/uploads\/2022\/03\/ivsi-1-storia-e-tradizione-300x300.jpg 300w, https:\/\/www.salumificiopavarotti.com\/wp-content\/uploads\/2022\/03\/ivsi-1-storia-e-tradizione-150x150.jpg 150w\" sizes=\"(max-width: 500px) 100vw, 500px\" \/>\n\t\t\t\t\t\n\t\t\t\t<\/figure>\n\t\t\t\t<div class=\"flip-post-content-wrapper\">\n\t\t\t\t\t<div class=\"flip-post-inner-wrapper\">\n\t\t\t\t\t\t<h3 class=\"flip-post-title\" style=\"color:#ffffff;\">History and tradition<\/h3>\n\t\t\t\t\t\t<div class=\"flip-post-description\" style=\"color:#ffffff;\"><h4>We communicate the tradition, history and know-how of the producers of cured meats<br \/><em>The legacy of the past determines the present and generates the future<\/em><\/h4>\n<p>Italian cured meats are the result of the great productive wisdom of our country. Each recipe has evolved over time - thanks to the innovations and know-how of the producers - but is always kept unchanged in its fundamental characteristics. The history of these products is one of the elements that makes them unique in the world. The Institute believes in the value of protecting traditions. It collects stories and testimonies as a tool to guarantee consumers the maintenance over time of the excellence of Italian cured meats, an expression of the producers' know-how.<\/p><\/div>\n\t\t\t\t\t<\/div>\n\t\t\t\t<\/div>\n\t\t\t<\/div>[\/vc_column][vc_column width=&#8221;1\/4&#8243;]<div class=\"flip-post autosquare square-on-md \" data-delta=\"1\" style=\"background-color:#ac0f15;\">\n\t\t\t\t<figure title=\"Informazione e Cultura\" class=\"flip-post-image autolazy\"  data-style=\"background-image:url('https:\/\/www.salumificiopavarotti.com\/wp-content\/uploads\/2022\/03\/ivsi-2-informazione-e-cultura.jpg');\">\n\t\t\t\t\t<img width=\"500\" height=\"500\" data-src=\"https:\/\/www.salumificiopavarotti.com\/wp-content\/uploads\/2022\/03\/ivsi-2-informazione-e-cultura.jpg\" class=\"attachment-large size-large\" alt=\"\" srcset=\"https:\/\/www.salumificiopavarotti.com\/wp-content\/uploads\/2022\/03\/ivsi-2-informazione-e-cultura.jpg 500w, https:\/\/www.salumificiopavarotti.com\/wp-content\/uploads\/2022\/03\/ivsi-2-informazione-e-cultura-300x300.jpg 300w, https:\/\/www.salumificiopavarotti.com\/wp-content\/uploads\/2022\/03\/ivsi-2-informazione-e-cultura-150x150.jpg 150w\" sizes=\"(max-width: 500px) 100vw, 500px\" \/>\n\t\t\t\t\t\n\t\t\t\t<\/figure>\n\t\t\t\t<div class=\"flip-post-content-wrapper\">\n\t\t\t\t\t<div class=\"flip-post-inner-wrapper\">\n\t\t\t\t\t\t<h3 class=\"flip-post-title\" style=\"color:#ffffff;\">Informazione e Cultura<\/h3>\n\t\t\t\t\t\t<div class=\"flip-post-description\" style=\"color:#ffffff;\"><h4>Ci impegniamo a divulgare un\u2019informazione corretta, completa, trasparente e a promuovere la cultura dei salumi italiani <em>La conoscenza allarga gli orizzonti<\/em><\/h4>\n<p>Le aziende che aderiscono all\u2019Istituto Valorizzazione Salumi Italiani credono che attraverso la conoscenza sia possibile far crescere la consapevolezza nel consumo dei salumi. L\u2019Istituto fa cultura, informa e racconta i salumi italiani, in Italia e nel mondo, attraverso la sua attivit\u00e0 quotidiana di relazione con i mezzi di comunicazione, la classe medica, le associazioni di consumatori, le Istituzioni e gli opinion leader del settore alimentare.<\/p><\/div>\n\t\t\t\t\t<\/div>\n\t\t\t\t<\/div>\n\t\t\t<\/div>[\/vc_column][vc_column width=&#8221;1\/4&#8243;]<div class=\"flip-post autosquare square-on-md \" data-delta=\"1\" style=\"background-color:#ac0f15;\">\n\t\t\t\t<figure title=\"Qualit\u00e0 e Sostenibilit\u00e0\" class=\"flip-post-image autolazy\"  data-style=\"background-image:url('https:\/\/www.salumificiopavarotti.com\/wp-content\/uploads\/2022\/03\/ivsi-3-qualita-e-sostenibilita.jpg');\">\n\t\t\t\t\t<img width=\"500\" height=\"500\" data-src=\"https:\/\/www.salumificiopavarotti.com\/wp-content\/uploads\/2022\/03\/ivsi-3-qualita-e-sostenibilita.jpg\" class=\"attachment-large size-large\" alt=\"\" srcset=\"https:\/\/www.salumificiopavarotti.com\/wp-content\/uploads\/2022\/03\/ivsi-3-qualita-e-sostenibilita.jpg 500w, https:\/\/www.salumificiopavarotti.com\/wp-content\/uploads\/2022\/03\/ivsi-3-qualita-e-sostenibilita-300x300.jpg 300w, https:\/\/www.salumificiopavarotti.com\/wp-content\/uploads\/2022\/03\/ivsi-3-qualita-e-sostenibilita-150x150.jpg 150w\" sizes=\"(max-width: 500px) 100vw, 500px\" \/>\n\t\t\t\t\t\n\t\t\t\t<\/figure>\n\t\t\t\t<div class=\"flip-post-content-wrapper\">\n\t\t\t\t\t<div class=\"flip-post-inner-wrapper\">\n\t\t\t\t\t\t<h3 class=\"flip-post-title\" style=\"color:#ffffff;\">Qualit\u00e0 e Sostenibilit\u00e0<\/h3>\n\t\t\t\t\t\t<div class=\"flip-post-description\" style=\"color:#ffffff;\"><h4>Sosteniamo e favoriamo il miglioramento continuo della qualit\u00e0 dei salumi italiani <em>La ricerca dell\u2019eccellenza \u00e8 un impegno quotidiano<\/em><\/h4>\n<p>I produttori lavorano costantemente per migliorare e innovare i salumi, anche sotto il profilo nutrizionale, nel rispetto delle tradizioni. Ogni giorno si impegnano a rendere pi\u00f9 sostenibili i prodotti, anche attraverso nuove tecnologie e metodi di confezionamento innovativi. L\u2019Istituto, con il suo operato, stimola le aziende ad innovare nel rispetto delle tradizioni e promuove elevati e crescenti standard qualitativi dei salumi italiani.<\/p><\/div>\n\t\t\t\t\t<\/div>\n\t\t\t\t<\/div>\n\t\t\t<\/div>[\/vc_column][\/vc_row][vc_row full_width=&#8221;stretch_row_content_no_spaces&#8221; equal_height=&#8221;yes&#8221; content_placement=&#8221;middle&#8221;][vc_column width=&#8221;1\/4&#8243;]<div class=\"flip-post autosquare square-on-md \" data-delta=\"1\" style=\"background-color:#ac0f15;\">\n\t\t\t\t<figure title=\"Legame con il territorio\" class=\"flip-post-image autolazy\"  data-style=\"background-image:url('https:\/\/www.salumificiopavarotti.com\/wp-content\/uploads\/2022\/03\/ivsi-4-legame-con-il-territorio.jpg');\">\n\t\t\t\t\t<img width=\"500\" height=\"500\" data-src=\"https:\/\/www.salumificiopavarotti.com\/wp-content\/uploads\/2022\/03\/ivsi-4-legame-con-il-territorio.jpg\" class=\"attachment-large size-large\" alt=\"\" srcset=\"https:\/\/www.salumificiopavarotti.com\/wp-content\/uploads\/2022\/03\/ivsi-4-legame-con-il-territorio.jpg 500w, https:\/\/www.salumificiopavarotti.com\/wp-content\/uploads\/2022\/03\/ivsi-4-legame-con-il-territorio-300x300.jpg 300w, https:\/\/www.salumificiopavarotti.com\/wp-content\/uploads\/2022\/03\/ivsi-4-legame-con-il-territorio-150x150.jpg 150w\" sizes=\"(max-width: 500px) 100vw, 500px\" \/>\n\t\t\t\t\t\n\t\t\t\t<\/figure>\n\t\t\t\t<div class=\"flip-post-content-wrapper\">\n\t\t\t\t\t<div class=\"flip-post-inner-wrapper\">\n\t\t\t\t\t\t<h3 class=\"flip-post-title\" style=\"color:#ffffff;\">Legame con il territorio<\/h3>\n\t\t\t\t\t\t<div class=\"flip-post-description\" style=\"color:#ffffff;\"><h4>Raccontiamo il legame indissolubile tra i salumi e i loro luoghi di produzione\n<em>L\u2019ingrediente aggiunto, non replicabile<\/em><\/h4>\n<p>Il settore dei salumi italiani \u00e8 uno dei patrimoni che il mondo ci invidia. \u00c8 formato in gran parte da aziende che, nate da realt\u00e0 familiari, hanno saputo sviluppare le tradizioni del proprio territorio, contribuendo al suo sviluppo economico e sociale. L\u2019Istituto conosce la forza di questo legame e lavora per preservarlo, valorizzando l\u2019identit\u00e0 dei territori in cui le aziende operano.<\/p><\/div>\n\t\t\t\t\t<\/div>\n\t\t\t\t<\/div>\n\t\t\t<\/div>[\/vc_column][vc_column width=&#8221;1\/4&#8243;]<div class=\"flip-post autosquare square-on-md \" data-delta=\"1\" style=\"background-color:#ac0f15;\">\n\t\t\t\t<figure title=\"Stile di vita italiano\" class=\"flip-post-image autolazy\"  data-style=\"background-image:url('https:\/\/www.salumificiopavarotti.com\/wp-content\/uploads\/2022\/03\/ivsi-5-stile-di-vita-italiano.jpg');\">\n\t\t\t\t\t<img width=\"500\" height=\"500\" data-src=\"https:\/\/www.salumificiopavarotti.com\/wp-content\/uploads\/2022\/03\/ivsi-5-stile-di-vita-italiano.jpg\" class=\"attachment-large size-large\" alt=\"\" srcset=\"https:\/\/www.salumificiopavarotti.com\/wp-content\/uploads\/2022\/03\/ivsi-5-stile-di-vita-italiano.jpg 500w, https:\/\/www.salumificiopavarotti.com\/wp-content\/uploads\/2022\/03\/ivsi-5-stile-di-vita-italiano-300x300.jpg 300w, https:\/\/www.salumificiopavarotti.com\/wp-content\/uploads\/2022\/03\/ivsi-5-stile-di-vita-italiano-150x150.jpg 150w\" sizes=\"(max-width: 500px) 100vw, 500px\" \/>\n\t\t\t\t\t\n\t\t\t\t<\/figure>\n\t\t\t\t<div class=\"flip-post-content-wrapper\">\n\t\t\t\t\t<div class=\"flip-post-inner-wrapper\">\n\t\t\t\t\t\t<h3 class=\"flip-post-title\" style=\"color:#ffffff;\">Stile di vita italiano<\/h3>\n\t\t\t\t\t\t<div class=\"flip-post-description\" style=\"color:#ffffff;\"><h4>Promuoviamo nel mondo il prodotto autentico, contribuendo a valorizzare il saper fare italiano <em>Qualit\u00e0, gusto e bellezza: lo stile di vita che il mondo ci invidia<\/em><\/h4>\n<p>I nostri salumi sono parte integrante dello stile alimentare e del vivere all\u2019italiana. Le aziende produttrici esportano queste eccellenze contribuendo alla crescita dell\u2019economia nazionale attraverso una bilancia commerciale costantemente positiva. Da oltre 30 anni, l\u2019Istituto, anche grazie alla collaborazione con le diverse rappresentanze istituzionali all\u2019estero, fa conoscere i salumi italiani e la nostra cultura alimentare a milioni di persone nel mondo, coinvolgendo consumatori, mezzi d\u2019informazione, operatori del\nsettore e opinion leader dell\u2019alimentazione.<\/p><\/div>\n\t\t\t\t\t<\/div>\n\t\t\t\t<\/div>\n\t\t\t<\/div>[\/vc_column][vc_column width=&#8221;1\/4&#8243;]<div class=\"flip-post autosquare square-on-md \" data-delta=\"1\" style=\"background-color:#ac0f15;\">\n\t\t\t\t<figure title=\"Gioco di Squadra\" class=\"flip-post-image autolazy\"  data-style=\"background-image:url('https:\/\/www.salumificiopavarotti.com\/wp-content\/uploads\/2022\/03\/ivsi-6-gioco-di-squadra.jpg');\">\n\t\t\t\t\t<img width=\"500\" height=\"500\" data-src=\"https:\/\/www.salumificiopavarotti.com\/wp-content\/uploads\/2022\/03\/ivsi-6-gioco-di-squadra.jpg\" class=\"attachment-large size-large\" alt=\"\" srcset=\"https:\/\/www.salumificiopavarotti.com\/wp-content\/uploads\/2022\/03\/ivsi-6-gioco-di-squadra.jpg 500w, https:\/\/www.salumificiopavarotti.com\/wp-content\/uploads\/2022\/03\/ivsi-6-gioco-di-squadra-300x300.jpg 300w, https:\/\/www.salumificiopavarotti.com\/wp-content\/uploads\/2022\/03\/ivsi-6-gioco-di-squadra-150x150.jpg 150w\" sizes=\"(max-width: 500px) 100vw, 500px\" \/>\n\t\t\t\t\t\n\t\t\t\t<\/figure>\n\t\t\t\t<div class=\"flip-post-content-wrapper\">\n\t\t\t\t\t<div class=\"flip-post-inner-wrapper\">\n\t\t\t\t\t\t<h3 class=\"flip-post-title\" style=\"color:#ffffff;\">Gioco di Squadra<\/h3>\n\t\t\t\t\t\t<div class=\"flip-post-description\" style=\"color:#ffffff;\"><h4>Collaboriamo con Istituzioni, Enti pubblici e privati, per valorizzare i salumi\ndi qualit\u00e0 in Italia e nel mondo <em>Partecipiamo ad un progetto comune per fare la differenza<\/em><\/h4>\n<p>Il successo delle iniziative e il raggiungimento degli obiettivi, come lo sviluppo del patrimonio agroalimentare, sono perseguibili solo con l\u2019impegno coordinato di tutti i protagonisti del settore agroalimentare (allevatori, produttori, distributori e Istituzioni, sia a livello locale che nazionale), ognuno con il proprio ruolo e la propria competenza. L\u2019Istituto favorisce la collaborazione fra le diverse realt\u00e0 del comparto agroalimentare, oltre che con le Istituzioni, come leva fondamentale per far conoscere e tutelare i nostri salumi, in Italia e nel mondo, e rafforzare il settore.<\/p><\/div>\n\t\t\t\t\t<\/div>\n\t\t\t\t<\/div>\n\t\t\t<\/div>[\/vc_column][vc_column width=&#8221;1\/4&#8243;]<div class=\"flip-post autosquare square-on-md \" data-delta=\"1\" style=\"background-color:#ac0f15;\">\n\t\t\t\t<figure title=\"Orientamento al futuro\" class=\"flip-post-image autolazy\"  data-style=\"background-image:url('https:\/\/www.salumificiopavarotti.com\/wp-content\/uploads\/2022\/03\/ivsi-7-orientamento-al-futuro.jpg');\">\n\t\t\t\t\t<img width=\"500\" height=\"500\" data-src=\"https:\/\/www.salumificiopavarotti.com\/wp-content\/uploads\/2022\/03\/ivsi-7-orientamento-al-futuro.jpg\" class=\"attachment-large size-large\" alt=\"\" srcset=\"https:\/\/www.salumificiopavarotti.com\/wp-content\/uploads\/2022\/03\/ivsi-7-orientamento-al-futuro.jpg 500w, https:\/\/www.salumificiopavarotti.com\/wp-content\/uploads\/2022\/03\/ivsi-7-orientamento-al-futuro-300x300.jpg 300w, https:\/\/www.salumificiopavarotti.com\/wp-content\/uploads\/2022\/03\/ivsi-7-orientamento-al-futuro-150x150.jpg 150w\" sizes=\"(max-width: 500px) 100vw, 500px\" \/>\n\t\t\t\t\t\n\t\t\t\t<\/figure>\n\t\t\t\t<div class=\"flip-post-content-wrapper\">\n\t\t\t\t\t<div class=\"flip-post-inner-wrapper\">\n\t\t\t\t\t\t<h3 class=\"flip-post-title\" style=\"color:#ffffff;\">Orientamento al futuro<\/h3>\n\t\t\t\t\t\t<div class=\"flip-post-description\" style=\"color:#ffffff;\"><h4>Siamo attenti ai cambiamenti e ascoltiamo i consumatori <em>Guardiamo il mondo come lo guarda il consumatore<\/em><\/h4>\n<p>I produttori di salumi prestano attenzione ai cambiamenti della societ\u00e0 e ascoltano le esigenze e i suggerimenti dei consumatori, per capire i bisogni e dare risposte concrete e opportune. L\u2019Istituto si \u00e8 da sempre impegnato ad agire con lungimiranza, apertura e capacit\u00e0 di comprendere i cambiamenti in atto. Promuove studi e ricerche, crea occasioni di incontro e scambio di informazioni e di idee, favorisce un confronto aperto con tutti sul mondo dei salumi.<\/p><\/div>\n\t\t\t\t\t<\/div>\n\t\t\t\t<\/div>\n\t\t\t<\/div>[\/vc_column][\/vc_row][vc_row full_width=&#8221;stretch_row&#8221; content_placement=&#8221;middle&#8221; parallax=&#8221;content-moving&#8221; parallax_image=&#8221;541&#8243; css=&#8221;.vc_custom_1648658774042{padding-top: 8em !important;padding-bottom: 8em !important;}&#8221; el_id=&#8221;territory&#8221;][vc_column width=&#8221;1\/2&#8243;][\/vc_column][vc_column width=&#8221;1\/2&#8243;][vc_row_inner][vc_column_inner el_class=&#8221;rounded shadow&#8221; width=&#8221;5\/6&#8243; css=&#8221;.vc_custom_1647514065083{background-color: rgba(255,255,255,0.49) !important;*background-color: rgb(255,255,255) !important;}&#8221; offset=&#8221;vc_col-xs-offset-1 vc_col-xs-10&#8243;]<div class=\"double-title\">\n\t\t\t\t<h2 class=\"deco-title sinistra\">Territory<\/h2>\n\t\t\t\t<h3 class=\"deco-subtitle sinistra\">ties and traditions<\/h3>\n\t\t\t<\/div>[vc_column_text]In the green of the Emilian countryside, the heart of the <strong> Food Valley <\/strong>, lies the town of Castelnuovo Rangone. Here the passion for good food is <strong> a tradition as genuine as it is important <\/strong>. And here the processing of cured meats has its roots in an ancient culture, the result of knowledge and crafts handed down from generation to generation. This territory teaches that <strong> there are no shortcuts to achieving quality <\/strong>, but that good and simple things come only from the best raw materials and from the love for know-how.[\/vc_column_text][\/vc_column_inner][\/vc_row_inner][\/vc_column][\/vc_row][vc_row css=&#8221;.vc_custom_1647458534151{padding-top: 2em !important;padding-bottom: 2em !important;}&#8221;][vc_column width=&#8221;5\/6&#8243; offset=&#8221;vc_col-sm-offset-1&#8243;]<div class=\"child-page-wrapper page\">\n\t\t\t<div class=\"row justify-content-center align-items-center\">\n\t\t\t\t<div class=\"col-xl-6 col-lg-6 offset-lg-0 col-10\">\n\t\t\t\t\t<div class=\"child-page page d-block\">\n\t\t\t\t\t\t<figure class=\"autosquare mb-4\" data-delta=\"1.3333333333333\" data-style=\"background-image:url('https:\/\/www.salumificiopavarotti.com\/wp-content\/uploads\/2022\/03\/maiali-al-pascolo.jpg');\">\n\t\t\t\t\t\t\t<img width=\"800\" height=\"600\" data-src=\"https:\/\/www.salumificiopavarotti.com\/wp-content\/uploads\/2022\/03\/maiali-al-pascolo.jpg\" class=\"lazyload wp-post-image\" alt=\"\" srcset=\"https:\/\/www.salumificiopavarotti.com\/wp-content\/uploads\/2022\/03\/maiali-al-pascolo.jpg 800w, https:\/\/www.salumificiopavarotti.com\/wp-content\/uploads\/2022\/03\/maiali-al-pascolo-300x225.jpg 300w, https:\/\/www.salumificiopavarotti.com\/wp-content\/uploads\/2022\/03\/maiali-al-pascolo-768x576.jpg 768w\" sizes=\"(max-width: 800px) 100vw, 800px\" \/>\n\t\t\t\t\t\t<\/figure>\n\t\t\t\t\t\t<h3 class=\"deco-title centro\">Animal welfare<\/h3>\n\t\t\t\t\t\t<div class=\"text-center text-center px-3 pb-4\">[vc_row equal_height=&#8221;yes&#8221; content_placement=&#8221;bottom&#8221; css=&#8221;.vc_custom_1648654486402{padding-top: 4em !important;}&#8221;][vc_column width=&#8221;3\/4&#8243;][vc_column_text]The animal welfare , both physical and mental, is an indispensable premise for a sustainable system and a quality supply chain. The first report on animal welfare, the Brambell Report, is dated 1965 and provides five fundamental freedoms that animals must be able to enjoy. These freedoms, recognized by [&hellip;]<\/div>\n\t\t\t\t\t\t<div class=\"button-wrapper centro\">\n\t\t\t\t\t\t\t<a class=\"btn btn-default\" href=\"https:\/\/www.salumificiopavarotti.com\/en\/company\/animal-welfare\/\" title=\"Go to: Animal welfare\">Discover more<\/a>\n\t\t\t\t\t\t<\/div>\n\t\t\t\t\t<\/div>\n\t\t\t\t<\/div><div class=\"col-xl-6 col-lg-6 offset-lg-0 col-10\">\n\t\t\t\t\t<div class=\"child-page page d-block\">\n\t\t\t\t\t\t<figure class=\"autosquare mb-4\" data-delta=\"1.3333333333333\" data-style=\"background-image:url('https:\/\/www.salumificiopavarotti.com\/wp-content\/uploads\/2022\/04\/salumificio-pavarotti-prosciutto-cotto-mani-2-1024x819.jpg');\">\n\t\t\t\t\t\t\t<img width=\"1024\" height=\"819\" data-src=\"https:\/\/www.salumificiopavarotti.com\/wp-content\/uploads\/2022\/04\/salumificio-pavarotti-prosciutto-cotto-mani-2-1024x819.jpg\" class=\"lazyload wp-post-image\" alt=\"\" srcset=\"https:\/\/www.salumificiopavarotti.com\/wp-content\/uploads\/2022\/04\/salumificio-pavarotti-prosciutto-cotto-mani-2-1024x819.jpg 1024w, https:\/\/www.salumificiopavarotti.com\/wp-content\/uploads\/2022\/04\/salumificio-pavarotti-prosciutto-cotto-mani-2-300x240.jpg 300w, https:\/\/www.salumificiopavarotti.com\/wp-content\/uploads\/2022\/04\/salumificio-pavarotti-prosciutto-cotto-mani-2-768x614.jpg 768w, https:\/\/www.salumificiopavarotti.com\/wp-content\/uploads\/2022\/04\/salumificio-pavarotti-prosciutto-cotto-mani-2.jpg 1280w\" sizes=\"(max-width: 1024px) 100vw, 1024px\" \/>\n\t\t\t\t\t\t<\/figure>\n\t\t\t\t\t\t<h3 class=\"deco-title centro\">Certifications<\/h3>\n\t\t\t\t\t\t<div class=\"text-center text-center px-3 pb-4\">[vc_row equal_height=&#8221;yes&#8221; content_placement=&#8221;middle&#8221; css=&#8221;.vc_custom_1648565781763{padding-top: 4em !important;padding-bottom: 4em !important;}&#8221;][vc_column width=&#8221;1\/2&#8243;][vc_column_text]Salumificio Pavarotti has achieved the most important and recognized international certifications in the food sector with full marks. Certificates that certify the quality of the production rooms, the efficiency of the systems, compliance with hygiene and health standards and workplace safety regulations. In fact, the company has [&hellip;]<\/div>\n\t\t\t\t\t\t<div class=\"button-wrapper centro\">\n\t\t\t\t\t\t\t<a class=\"btn btn-default\" href=\"https:\/\/www.salumificiopavarotti.com\/en\/company\/certifications\/\" title=\"Go to: Certifications\">Discover more<\/a>\n\t\t\t\t\t\t<\/div>\n\t\t\t\t\t<\/div>\n\t\t\t\t<\/div>\n\t\t\t<\/div>\n\t\t<\/div>[\/vc_column][\/vc_row]<\/p>\n<\/div>","protected":false},"excerpt":{"rendered":"<p>[vc_row full_width=&#8221;stretch_row&#8221; equal_height=&#8221;yes&#8221; content_placement=&#8221;middle&#8221; css=&#8221;.vc_custom_1648658757381{padding-top: 6em !important;padding-bottom: 6em !important;background-image: url(https:\/\/www.salumificiopavarotti.com\/wp-content\/uploads\/2022\/03\/salumificio-pavarotti-sede.jpg?id=84) !important;background-position: center !important;background-repeat: no-repeat !important;background-size: cover !important;}&#8221; el_id=&#8221;history&#8221;][vc_column css_animation=&#8221;left-to-right&#8221; width=&#8221;5\/12&#8243; el_class=&#8221;bg-light shadow p-3 rounded&#8221; offset=&#8221;vc_col-sm-offset-0 vc_col-xs-offset-1 vc_col-xs-10&#8243;][vc_column_text]The Salumificio Pavarotti was born in 1973 in Castelnuovo Rangone, in the province of Modena , in the heart of a territory devoted to food and wine tradition. The [&hellip;]<\/p>\n","protected":false},"author":1,"featured_media":0,"parent":0,"menu_order":0,"comment_status":"closed","ping_status":"closed","template":"","meta":{"_acf_changed":false,"footnotes":""},"class_list":["post-555","page","type-page","status-publish","hentry"],"acf":[],"_links":{"self":[{"href":"https:\/\/www.salumificiopavarotti.com\/en\/wp-json\/wp\/v2\/pages\/555","targetHints":{"allow":["GET"]}}],"collection":[{"href":"https:\/\/www.salumificiopavarotti.com\/en\/wp-json\/wp\/v2\/pages"}],"about":[{"href":"https:\/\/www.salumificiopavarotti.com\/en\/wp-json\/wp\/v2\/types\/page"}],"author":[{"embeddable":true,"href":"https:\/\/www.salumificiopavarotti.com\/en\/wp-json\/wp\/v2\/users\/1"}],"replies":[{"embeddable":true,"href":"https:\/\/www.salumificiopavarotti.com\/en\/wp-json\/wp\/v2\/comments?post=555"}],"version-history":[{"count":8,"href":"https:\/\/www.salumificiopavarotti.com\/en\/wp-json\/wp\/v2\/pages\/555\/revisions"}],"predecessor-version":[{"id":2809,"href":"https:\/\/www.salumificiopavarotti.com\/en\/wp-json\/wp\/v2\/pages\/555\/revisions\/2809"}],"wp:attachment":[{"href":"https:\/\/www.salumificiopavarotti.com\/en\/wp-json\/wp\/v2\/media?parent=555"}],"curies":[{"name":"wp","href":"https:\/\/api.w.org\/{rel}","templated":true}]}}